{"id":983,"date":"2023-02-28T03:29:31","date_gmt":"2023-02-28T03:29:31","guid":{"rendered":"https:\/\/estacionesdeservicioarquicons.com\/?page_id=983"},"modified":"2023-03-01T02:32:18","modified_gmt":"2023-03-01T02:32:18","slug":"eds-rivera-del-rio","status":"publish","type":"page","link":"https:\/\/estacionesdeservicioarquicons.com\/index.php\/eds-rivera-del-rio\/","title":{"rendered":"EDS RIVERA DEL R\u00cdO"},"content":{"rendered":"\n<div class=\"wp-block-uagb-container uagb-block-7549055e alignfull uagb-is-root-container\"><div class=\"uagb-container-inner-blocks-wrap\">\n<div class=\"wp-block-uagb-advanced-heading uagb-block-b1c66f9e\"><h1 class=\"uagb-heading-text\">Descripci\u00f3n del<br>Proyecto<\/h1><\/div>\n<\/div><\/div>\n\n\n\n<div class=\"wp-block-uagb-container uagb-block-e3632f67 alignfull uagb-is-root-container\"><div class=\"uagb-container-inner-blocks-wrap\">\n<div class=\"wp-block-uagb-container uagb-block-97c7dc92\">\n<h2 class=\"wp-block-heading\" style=\"padding-top:var(--wp--preset--spacing--30);padding-right:var(--wp--preset--spacing--30);padding-bottom:var(--wp--preset--spacing--30);padding-left:var(--wp--preset--spacing--30)\">EDS RIVERA DEL RIO<br>VILLETA &#8211; CUNDINAMARCA<\/h2>\n<\/div>\n<\/div><\/div>\n\n\n\n<div class=\"wp-block-uagb-container uagb-block-e83955f2 alignwide uagb-is-root-container\">\n<div class=\"wp-block-uagb-image aligncenter uagb-block-21172dbb wp-block-uagb-image--layout-default wp-block-uagb-image--effect-static wp-block-uagb-image--align-center\"><figure class=\"wp-block-uagb-image__figure\"><img decoding=\"async\" srcset=\"https:\/\/estacionesdeservicioarquicons.com\/wp-content\/uploads\/2023\/02\/3.jpg \" src=\"https:\/\/estacionesdeservicioarquicons.com\/wp-content\/uploads\/2023\/02\/3.jpg\" alt=\"\" class=\"uag-image-984\" width=\"1290\" height=\"960\" title=\"\" loading=\"lazy\"\/><\/figure><\/div>\n<\/div>\n\n\n\n<div class=\"wp-block-uagb-container uagb-block-47dd26ad alignfull uagb-is-root-container\"><div class=\"uagb-container-inner-blocks-wrap\">\n<div class=\"wp-block-uagb-info-box uagb-block-c37afb85 uagb-infobox__content-wrap  uagb-infobox-icon-above-title uagb-infobox-image-valign-top\"><div class=\"uagb-ifb-content\"><div class=\"uagb-ifb-title-wrap\"><h2 class=\"uagb-ifb-title\">Informaci\u00f3n del Proyecto<\/h2><\/div><p class=\"uagb-ifb-desc\"><strong>Fecha de proyecto:<\/strong> 2019<br><br><strong>Descripcion:<\/strong> La visual hacia el paisaje y la topografia del terreno fueron las principales determinantes de dise\u00f1o que dieron lugar a este proyecto en el municipio de villeta. El proyecto nace entre paisajes monta\u00f1osos, y una quebrada que marca el perimetro del terreno; esta compuesto por una Estacion de Servicio a nivel de la v\u00eda con un canopy de forma no convencional, esto junto con servicios complementarios al publico. En la ladera se desarrolla un complejo hotelero tipo glamping, adem\u00e1s de zonas de ocio como area de jacuzzi, restaurante y senderos peatonales que permiten la relacion directa entre el usuario y su entorno.<br><br><strong>Estado:<\/strong> En construccion.<br><br><strong>Obras realizadas:<\/strong><br>\u25a0 Consultoria ( Dise\u00f1os, planos, permisos)<br>\u25a0 Entierro de tanques de combustible<br>\u25a0 Obra civil E.D.S. ESTACION DE SERVICIO<br>\u25a0 Obras de Urbanismo general y espacio publico<\/p><\/div><\/div>\n<\/div><\/div>\n\n\n\n<div class=\"wp-block-uagb-container uagb-block-70f0045b alignwide uagb-is-root-container\">\n<div class=\"wp-block-uagb-buttons uagb-buttons__outer-wrap uagb-btn__large-btn uagb-btn-tablet__default-btn uagb-btn-mobile__default-btn uagb-block-e9e8af15\"><div class=\"uagb-buttons__wrap uagb-buttons-layout-wrap\">\n<div class=\"wp-block-uagb-buttons-child uagb-buttons__outer-wrap uagb-block-7869fb14 wp-block-button is-style-outline\"><div class=\"uagb-button__wrapper\"><a class=\"uagb-buttons-repeater wp-block-button__link\" href=\"proyectos\" onclick=\"return true;\" rel=\"follow noopener\" target=\"_self\"><div class=\"uagb-button__link\">VOLVER A PROYECTOS REALIZADOS<\/div><\/a><\/div><\/div>\n<\/div><\/div>\n<\/div>\n","protected":false},"excerpt":{"rendered":"","protected":false},"author":1,"featured_media":0,"parent":0,"menu_order":0,"comment_status":"closed","ping_status":"closed","template":"","meta":{"_uag_custom_page_level_css":"","site-sidebar-layout":"default","site-content-layout":"default","ast-global-header-display":"","ast-main-header-display":"","ast-hfb-above-header-display":"","ast-hfb-below-header-display":"","ast-hfb-mobile-header-display":"","site-post-title":"","ast-breadcrumbs-content":"","ast-featured-img":"","footer-sml-layout":"","theme-transparent-header-meta":"","adv-header-id-meta":"","stick-header-meta":"","header-above-stick-meta":"","header-main-stick-meta":"","header-below-stick-meta":"","footnotes":""},"class_list":["post-983","page","type-page","status-publish","hentry"],"uagb_featured_image_src":{"full":false,"thumbnail":false,"medium":false,"medium_large":false,"large":false,"1536x1536":false,"2048x2048":false},"uagb_author_info":{"display_name":"admin","author_link":"https:\/\/estacionesdeservicioarquicons.com\/index.php\/author\/admin_eds\/"},"uagb_comment_info":0,"uagb_excerpt":null,"_links":{"self":[{"href":"https:\/\/estacionesdeservicioarquicons.com\/index.php\/wp-json\/wp\/v2\/pages\/983","targetHints":{"allow":["GET"]}}],"collection":[{"href":"https:\/\/estacionesdeservicioarquicons.com\/index.php\/wp-json\/wp\/v2\/pages"}],"about":[{"href":"https:\/\/estacionesdeservicioarquicons.com\/index.php\/wp-json\/wp\/v2\/types\/page"}],"author":[{"embeddable":true,"href":"https:\/\/estacionesdeservicioarquicons.com\/index.php\/wp-json\/wp\/v2\/users\/1"}],"replies":[{"embeddable":true,"href":"https:\/\/estacionesdeservicioarquicons.com\/index.php\/wp-json\/wp\/v2\/comments?post=983"}],"version-history":[{"count":8,"href":"https:\/\/estacionesdeservicioarquicons.com\/index.php\/wp-json\/wp\/v2\/pages\/983\/revisions"}],"predecessor-version":[{"id":1108,"href":"https:\/\/estacionesdeservicioarquicons.com\/index.php\/wp-json\/wp\/v2\/pages\/983\/revisions\/1108"}],"wp:attachment":[{"href":"https:\/\/estacionesdeservicioarquicons.com\/index.php\/wp-json\/wp\/v2\/media?parent=983"}],"curies":[{"name":"wp","href":"https:\/\/api.w.org\/{rel}","templated":true}]}}