{"id":1146,"date":"2023-03-01T03:13:32","date_gmt":"2023-03-01T03:13:32","guid":{"rendered":"https:\/\/estacionesdeservicioarquicons.com\/?page_id=1146"},"modified":"2023-03-01T03:13:32","modified_gmt":"2023-03-01T03:13:32","slug":"eds-el-fosil","status":"publish","type":"page","link":"https:\/\/estacionesdeservicioarquicons.com\/index.php\/eds-el-fosil\/","title":{"rendered":"EDS EL F\u00d3SIL"},"content":{"rendered":"\n<div class=\"wp-block-uagb-container uagb-block-8ba94f9b alignfull uagb-is-root-container\"><div class=\"uagb-container-inner-blocks-wrap\">\n<div class=\"wp-block-uagb-advanced-heading uagb-block-1134c42a\"><h1 class=\"uagb-heading-text\">Descripci\u00f3n del<br>Proyecto<\/h1><\/div>\n<\/div><\/div>\n\n\n\n<div class=\"wp-block-uagb-container uagb-block-b17970ab alignwide uagb-is-root-container\">\n<h2 class=\"wp-block-heading\" style=\"padding-top:var(--wp--preset--spacing--30);padding-right:var(--wp--preset--spacing--30);padding-bottom:var(--wp--preset--spacing--30);padding-left:var(--wp--preset--spacing--30)\">EDS EL F\u00d3SIL<br>S\u00c1CHICA &#8211; BOYAC\u00c1<\/h2>\n<\/div>\n\n\n\n<div class=\"wp-block-uagb-container uagb-block-582a5022 alignwide uagb-is-root-container\">\n<div class=\"wp-block-uagb-image uagb-block-5e69b5ec wp-block-uagb-image--layout-default wp-block-uagb-image--effect-static wp-block-uagb-image--align-none\"><figure class=\"wp-block-uagb-image__figure\"><img decoding=\"async\" srcset=\"https:\/\/estacionesdeservicioarquicons.com\/wp-content\/uploads\/2023\/03\/elfosil-2.jpg \" src=\"https:\/\/estacionesdeservicioarquicons.com\/wp-content\/uploads\/2023\/03\/elfosil-2.jpg\" alt=\"\" class=\"uag-image-1151\" width=\"1290\" height=\"960\" title=\"\" loading=\"lazy\"\/><\/figure><\/div>\n<\/div>\n\n\n\n<div class=\"wp-block-uagb-container uagb-block-be30e468 alignfull uagb-is-root-container\"><div class=\"uagb-container-inner-blocks-wrap\">\n<div class=\"wp-block-uagb-container uagb-block-fdbaa424\">\n<div class=\"wp-block-uagb-info-box uagb-block-7538327c uagb-infobox__content-wrap  uagb-infobox-icon-above-title uagb-infobox-image-valign-top\"><div class=\"uagb-ifb-content\"><div class=\"uagb-ifb-title-wrap\"><h2 class=\"uagb-ifb-title\">Informaci\u00f3n del Proyecto<\/h2><\/div><p class=\"uagb-ifb-desc\"><strong>Fecha de proyecto:<\/strong> 2020<br><br><strong>Descripcion: <\/strong>Ubicado en el municipio de S\u00e1chica, a 15 minutos de Villa de Leyva, se desarrolla este complejo con usos variados pero que complementan cada una de las dinamicas del sector. Consta de una estacion de servicio de combustibles liquidos y gas natural vehicular, centro administrativo y de conveniencia, un hotel que responde el atractivo turistico de la zona, un centro de diagnostico automotriz (CDA), una planta de almacenamiento de combustible de gran capacidad junto con el canopy para cargar las mulas, una zona de cargadero de mulas para transporte de gas, y dos bodegas de uso industrial; todo lo anterior manejando el estilo de arquitectura colonial que predomina en la zona.<br><br><strong>Estado: <\/strong>En dise\u00f1o, tramite y licencia.<br><br><strong>Obras realizadas:<\/strong><br>\u25a0 Consultoria ( Dise\u00f1os, planos, permisos)<\/p><\/div><\/div>\n<\/div>\n<\/div><\/div>\n\n\n\n<div class=\"wp-block-uagb-container uagb-block-ed989906 alignwide uagb-is-root-container\">\n<div class=\"wp-block-uagb-buttons uagb-buttons__outer-wrap uagb-btn__large-btn uagb-btn-tablet__default-btn uagb-btn-mobile__default-btn uagb-block-2339ae2b\"><div class=\"uagb-buttons__wrap uagb-buttons-layout-wrap\">\n<div class=\"wp-block-uagb-buttons-child uagb-buttons__outer-wrap uagb-block-2d09e55f wp-block-button is-style-outline\"><div class=\"uagb-button__wrapper\"><a class=\"uagb-buttons-repeater wp-block-button__link\" href=\"proyectos\" onclick=\"return true;\" rel=\"follow noopener\" target=\"_self\"><div class=\"uagb-button__link\">VOLVER A PROYECTOS REALIZADOS<\/div><\/a><\/div><\/div>\n<\/div><\/div>\n<\/div>\n","protected":false},"excerpt":{"rendered":"","protected":false},"author":1,"featured_media":0,"parent":0,"menu_order":0,"comment_status":"closed","ping_status":"closed","template":"","meta":{"_uag_custom_page_level_css":"","site-sidebar-layout":"default","site-content-layout":"default","ast-global-header-display":"","ast-main-header-display":"","ast-hfb-above-header-display":"","ast-hfb-below-header-display":"","ast-hfb-mobile-header-display":"","site-post-title":"","ast-breadcrumbs-content":"","ast-featured-img":"","footer-sml-layout":"","theme-transparent-header-meta":"","adv-header-id-meta":"","stick-header-meta":"","header-above-stick-meta":"","header-main-stick-meta":"","header-below-stick-meta":"","footnotes":""},"class_list":["post-1146","page","type-page","status-publish","hentry"],"uagb_featured_image_src":{"full":false,"thumbnail":false,"medium":false,"medium_large":false,"large":false,"1536x1536":false,"2048x2048":false},"uagb_author_info":{"display_name":"admin","author_link":"https:\/\/estacionesdeservicioarquicons.com\/index.php\/author\/admin_eds\/"},"uagb_comment_info":0,"uagb_excerpt":null,"_links":{"self":[{"href":"https:\/\/estacionesdeservicioarquicons.com\/index.php\/wp-json\/wp\/v2\/pages\/1146","targetHints":{"allow":["GET"]}}],"collection":[{"href":"https:\/\/estacionesdeservicioarquicons.com\/index.php\/wp-json\/wp\/v2\/pages"}],"about":[{"href":"https:\/\/estacionesdeservicioarquicons.com\/index.php\/wp-json\/wp\/v2\/types\/page"}],"author":[{"embeddable":true,"href":"https:\/\/estacionesdeservicioarquicons.com\/index.php\/wp-json\/wp\/v2\/users\/1"}],"replies":[{"embeddable":true,"href":"https:\/\/estacionesdeservicioarquicons.com\/index.php\/wp-json\/wp\/v2\/comments?post=1146"}],"version-history":[{"count":1,"href":"https:\/\/estacionesdeservicioarquicons.com\/index.php\/wp-json\/wp\/v2\/pages\/1146\/revisions"}],"predecessor-version":[{"id":1152,"href":"https:\/\/estacionesdeservicioarquicons.com\/index.php\/wp-json\/wp\/v2\/pages\/1146\/revisions\/1152"}],"wp:attachment":[{"href":"https:\/\/estacionesdeservicioarquicons.com\/index.php\/wp-json\/wp\/v2\/media?parent=1146"}],"curies":[{"name":"wp","href":"https:\/\/api.w.org\/{rel}","templated":true}]}}