{"id":107,"date":"2022-10-17T07:27:30","date_gmt":"2022-10-17T07:27:30","guid":{"rendered":"https:\/\/estacionesdeservicioarquicons.com\/index.php\/about\/"},"modified":"2023-03-02T03:24:11","modified_gmt":"2023-03-02T03:24:11","slug":"la-empresa","status":"publish","type":"page","link":"https:\/\/estacionesdeservicioarquicons.com\/index.php\/la-empresa\/","title":{"rendered":"La Empresa"},"content":{"rendered":"\n<div class=\"wp-block-uagb-container uagb-block-500e9778 alignfull uagb-is-root-container\"><div class=\"uagb-container-inner-blocks-wrap\">\n<div class=\"wp-block-uagb-advanced-heading uagb-block-91332480\"><h1 class=\"uagb-heading-text\">LA EMPRESA<\/h1><\/div>\n<\/div><\/div>\n\n\n\n<div class=\"wp-block-uagb-container uagb-block-cd9c9642 alignfull uagb-is-root-container\"><div class=\"uagb-container-inner-blocks-wrap\">\n<div class=\"wp-block-uagb-container uagb-block-e1ece6f9\">\n<div class=\"wp-block-uagb-image uagb-block-ad4cf5a8 wp-block-uagb-image--layout-default wp-block-uagb-image--effect-static wp-block-uagb-image--align-none\"><figure class=\"wp-block-uagb-image__figure\"><img decoding=\"async\" srcset=\"https:\/\/estacionesdeservicioarquicons.com\/wp-content\/uploads\/2023\/02\/quienes-somos.jpg \" src=\"https:\/\/estacionesdeservicioarquicons.com\/wp-content\/uploads\/2023\/02\/quienes-somos.jpg\" alt=\"\" class=\"uag-image-914\" width=\"573\" height=\"395\" title=\"\" loading=\"lazy\"\/><\/figure><\/div>\n<\/div>\n\n\n\n<div class=\"wp-block-uagb-container uagb-block-0be47092\">\n<div class=\"wp-block-uagb-info-box uagb-block-4988aa2f uagb-infobox__content-wrap  uagb-infobox-icon-above-title uagb-infobox-image-valign-top\"><div class=\"uagb-ifb-content\"><div class=\"uagb-ifb-title-wrap\"><h2 class=\"uagb-ifb-title\">Arquitectos e Ingenieros<\/h2><\/div><p class=\"uagb-ifb-desc\">En cada proyecto transformamos espacios en estaciones de servicios funcionales, de gran belleza arquitect\u00f3nica y cumpliendo con todas las normas t\u00e9cnicas y legales establecidas. Abordamos proyectos de cualquier envergadura siempre con los mismos resultados de satisfacci\u00f3n total por parte de nuestros clientes. <\/p><\/div><\/div>\n<\/div>\n<\/div><\/div>\n\n\n\n<div class=\"wp-block-uagb-container uagb-block-1ad16fca alignfull uagb-is-root-container\"><div class=\"uagb-container-inner-blocks-wrap\">\n<div class=\"wp-block-uagb-container uagb-block-5b672dc3\">\n<div class=\"wp-block-uagb-image uagb-block-448a2b51 wp-block-uagb-image--layout-default wp-block-uagb-image--effect-static wp-block-uagb-image--align-none\"><figure class=\"wp-block-uagb-image__figure\"><img decoding=\"async\" srcset=\"https:\/\/estacionesdeservicioarquicons.com\/wp-content\/uploads\/2023\/02\/desde-el-diseno.jpg \" src=\"https:\/\/estacionesdeservicioarquicons.com\/wp-content\/uploads\/2023\/02\/desde-el-diseno.jpg\" alt=\"\" class=\"uag-image-920\" width=\"\" height=\"\" title=\"\" loading=\"lazy\"\/><\/figure><\/div>\n<\/div>\n\n\n\n<div class=\"wp-block-uagb-container uagb-block-3a734d1f\">\n<div class=\"wp-block-uagb-info-box uagb-block-dd0f5975 uagb-infobox__content-wrap  uagb-infobox-icon-above-title uagb-infobox-image-valign-top\"><div class=\"uagb-ifb-content\"><div class=\"uagb-ifb-title-wrap\"><h2 class=\"uagb-ifb-title\">Dise\u00f1o Arquitect\u00f3nico<\/h2><\/div><p class=\"uagb-ifb-desc\">Desde la programaci\u00f3n y la planificaci\u00f3n del espacio hasta la selecci\u00f3n de materiales y mobiliario, nos asociamos con nuestros clientes para crear una visi\u00f3n compartida que sea lo m\u00e1s cercano a lo deseado y con visi\u00f3n de futuro. Nuestra experiencia en dise\u00f1o de Estaciones de Servicio abarca una amplia gama de entornos, desde las bah\u00edas y canopy, hasta la construcci\u00f3n de las edificaciones, obras civiles y v\u00edas de acceso.<\/p><\/div><\/div>\n<\/div>\n<\/div><\/div>\n\n\n\n<div class=\"wp-block-uagb-container uagb-block-1f9d5cd7 default uagb-is-root-container\">\n<div class=\"wp-block-uagb-info-box uagb-block-6e1a7bc3 uagb-infobox__content-wrap  uagb-infobox-icon-above-title uagb-infobox-image-valign-top\"><div class=\"uagb-ifb-content\"><div class=\"uagb-ifb-title-wrap\"><h2 class=\"uagb-ifb-title\">Misi\u00f3n<\/h2><\/div><p class=\"uagb-ifb-desc\">Nuestra misi\u00f3n en Estaciones de Servicio ARQUICONS es la brindar un servicio centrado en el cliente a trav\u00e9s de nuestra pr\u00e1ctica responsable de la arquitectura y construcci\u00f3n.&nbsp;Nuestra tradici\u00f3n de dedicaci\u00f3n, profesionalismo y excelente servicio al cliente es un testimonio de esa misi\u00f3n a medida que nos esforzamos cada d\u00eda por alcanzar la excelencia para hacer realidad las ideas de nuestros valiosos clientes <\/p><\/div><\/div>\n\n\n\n<div class=\"wp-block-uagb-info-box uagb-block-ccadffe9 uagb-infobox__content-wrap  uagb-infobox-icon-above-title uagb-infobox-image-valign-top\"><div class=\"uagb-ifb-content\"><div class=\"uagb-ifb-title-wrap\"><h2 class=\"uagb-ifb-title\">Visi\u00f3n<\/h2><\/div><p class=\"uagb-ifb-desc\">Ser reconocidos como una firma de arquitectos y constructores de Estaciones de Servicio a nivel nacional, que proporciona dise\u00f1o y servicios de construcci\u00f3n de alta calidad a nuestros clientes con honestidad e integridad. Ofreciendo lo mejor de nuestro profesionalsimo a clientes y socios de proyectos, con un dise\u00f1o receptivo responsable que surge de discusiones atentas y soluciones bien pensadas, para producir los proyectos que nuestros clientes desean.<\/p><\/div><\/div>\n<\/div>\n\n\n\n<div class=\"wp-block-uagb-container uagb-block-a7610967 alignfull uagb-is-root-container\">\n<div class=\"wp-block-uagb-image uagb-block-9f26b6a1 wp-block-uagb-image--layout-default wp-block-uagb-image--effect-static wp-block-uagb-image--align-none\"><figure class=\"wp-block-uagb-image__figure\"><img decoding=\"async\" srcset=\"https:\/\/estacionesdeservicioarquicons.com\/wp-content\/uploads\/2023\/02\/nosotros2.jpg \" src=\"https:\/\/estacionesdeservicioarquicons.com\/wp-content\/uploads\/2023\/02\/nosotros2.jpg\" alt=\"\" class=\"uag-image-947\" width=\"1920\" height=\"617\" title=\"\" loading=\"lazy\"\/><\/figure><\/div>\n<\/div>\n\n\n\n<div class=\"wp-block-uagb-container uagb-block-ae97d670 alignwide uagb-is-root-container\">\n<div class=\"wp-block-uagb-container uagb-block-fa47abc9\">\n<div class=\"wp-block-uagb-container uagb-block-70e79853 alignwide uagb-is-root-container\">\n<div class=\"wp-block-uagb-info-box uagb-block-c6b7cccf uagb-infobox__content-wrap  uagb-infobox-icon-above-title uagb-infobox-image-valign-top\"><div class=\"uagb-ifb-content\"><div class=\"uagb-ifb-title-wrap\"><h2 class=\"uagb-ifb-title\">Valores<br><\/h2><\/div><p class=\"uagb-ifb-desc\"><strong>Excelencia en el dise\u00f1o: <\/strong>Creemos en el extraordinario poder del dise\u00f1o para influir en la calidad de vida. <br><br><strong>Integridad:<\/strong> Apostamos nuestra reputaci\u00f3n y basamos nuestras relaciones en la honestidad, la confianza, el respeto y la integridad financiera. Deseamos clientes que crean en lo mismo. <br><br><strong>Innovaci\u00f3n:<\/strong> Desafiamos el status quo para acceder a procesos y tecnolog\u00edas mejorados. Exploramos m\u00e9todos tanto antiguos como nuevos para producir espacios experiencialmente innovadores. <br><br><strong>Colaboraci\u00f3n:<\/strong> Nos tomamos el tiempo para escuchar. Iteramos en un proceso co-creativo con clientes, consultores y contratistas. <br><br><strong>Gesti\u00f3n ambiental:<\/strong> Lideramos con el ejemplo, brindando a los clientes proyectos que son sostenibles y responsables. Creemos en tomar acciones como dise\u00f1adores para minimizar el impacto humano en el mundo. <br><br><strong>Alcance:<\/strong> Evangelizamos el poder del dise\u00f1o a trav\u00e9s de la ense\u00f1anza, la tutor\u00eda, la participaci\u00f3n comunitaria y la oratoria.<\/p><\/div><\/div>\n<\/div>\n<\/div>\n<\/div>\n\n\n\n<div class=\"wp-block-uagb-container uagb-block-23c85faa alignfull uagb-is-root-container\"><div class=\"uagb-container-inner-blocks-wrap\">\n<div class=\"wp-block-uagb-call-to-action uagb-block-8e50bb09 wp-block-button\"><div class=\"uagb-cta__wrap\"><h2 class=\"uagb-cta__title\">HABLE CON NOSTROS<\/h2><p class=\"uagb-cta__desc\">\u00bfQuiere abordar un proyecto de construcci\u00f3n de Estaci\u00f3n de Servicio y no tiene un constructor confiable y dedicado en esta \u00e1rea?<br>Cont\u00e1ctenos, somos su aliado en dise\u00f1o y construcci\u00f3n de EDS<\/p><\/div><div class=\"uagb-cta__buttons\"><a href=\"#\" class=\"uagb-cta__button-link-wrapper wp-block-button__link\" target=\"_self\" rel=\"noopener noreferrer\">CONT\u00c1CTENOS<\/a><\/div><\/div>\n<\/div><\/div>\n","protected":false},"excerpt":{"rendered":"","protected":false},"author":1,"featured_media":0,"parent":0,"menu_order":0,"comment_status":"closed","ping_status":"closed","template":"","meta":{"_uag_custom_page_level_css":"","site-sidebar-layout":"default","site-content-layout":"default","ast-global-header-display":"","ast-main-header-display":"","ast-hfb-above-header-display":"","ast-hfb-below-header-display":"","ast-hfb-mobile-header-display":"","site-post-title":"disabled","ast-breadcrumbs-content":"","ast-featured-img":"","footer-sml-layout":"","theme-transparent-header-meta":"enabled","adv-header-id-meta":"","stick-header-meta":"","header-above-stick-meta":"","header-main-stick-meta":"","header-below-stick-meta":"","footnotes":""},"class_list":["post-107","page","type-page","status-publish","hentry"],"uagb_featured_image_src":{"full":false,"thumbnail":false,"medium":false,"medium_large":false,"large":false,"1536x1536":false,"2048x2048":false},"uagb_author_info":{"display_name":"admin","author_link":"https:\/\/estacionesdeservicioarquicons.com\/index.php\/author\/admin_eds\/"},"uagb_comment_info":0,"uagb_excerpt":null,"_links":{"self":[{"href":"https:\/\/estacionesdeservicioarquicons.com\/index.php\/wp-json\/wp\/v2\/pages\/107","targetHints":{"allow":["GET"]}}],"collection":[{"href":"https:\/\/estacionesdeservicioarquicons.com\/index.php\/wp-json\/wp\/v2\/pages"}],"about":[{"href":"https:\/\/estacionesdeservicioarquicons.com\/index.php\/wp-json\/wp\/v2\/types\/page"}],"author":[{"embeddable":true,"href":"https:\/\/estacionesdeservicioarquicons.com\/index.php\/wp-json\/wp\/v2\/users\/1"}],"replies":[{"embeddable":true,"href":"https:\/\/estacionesdeservicioarquicons.com\/index.php\/wp-json\/wp\/v2\/comments?post=107"}],"version-history":[{"count":32,"href":"https:\/\/estacionesdeservicioarquicons.com\/index.php\/wp-json\/wp\/v2\/pages\/107\/revisions"}],"predecessor-version":[{"id":1192,"href":"https:\/\/estacionesdeservicioarquicons.com\/index.php\/wp-json\/wp\/v2\/pages\/107\/revisions\/1192"}],"wp:attachment":[{"href":"https:\/\/estacionesdeservicioarquicons.com\/index.php\/wp-json\/wp\/v2\/media?parent=107"}],"curies":[{"name":"wp","href":"https:\/\/api.w.org\/{rel}","templated":true}]}}